{"id":5055,"date":"2021-01-03T12:31:22","date_gmt":"2021-01-03T10:31:22","guid":{"rendered":"http:\/\/www.ostaulkomailta.com\/blog\/?page_id=5055"},"modified":"2021-01-03T12:39:02","modified_gmt":"2021-01-03T10:39:02","slug":"uber-uns","status":"publish","type":"page","link":"http:\/\/www.ostaulkomailta.com\/blog\/tietoa-meista\/uber-uns\/","title":{"rendered":"\u00dcber Uns"},"content":{"rendered":"<div id=\"tw-target-text-container\" class=\"tw-ta-container hide-focus-ring tw-nfl\" tabindex=\"0\">\n<p id=\"tw-target-text\">Dies ist eine kleine Erkl\u00e4rung daf\u00fcr, was Osta Ulkomailta! dreht sich alles um.<\/p>\n<p id=\"tw-target-text\">Finnland ist ein teures Land. Laut Eurostat ist Finnland das teuerste Euroland und das zweitgr\u00f6\u00dfte im Vergleich zu den EU-L\u00e4ndern (2011). Der Durchschnittslohn in Finnland liegt kaum \u00fcber 3000 Euro pro Monat, aber hohe Steuern und hohe Preise halten das Realeinkommen niedrig. Dies alles hat dazu gef\u00fchrt, dass wir Finnen immer mehr Waren in ausl\u00e4ndischen Webstores kaufen, weil sie billiger sind als finnische L\u00e4den. Beispielsweise belaufen sich die ausl\u00e4ndischen und inl\u00e4ndischen Online-M\u00e4rkte auf fast 10 Milliarden Euro (2014), und 1,7 Milliarden Euro wurden f\u00fcr ausl\u00e4ndische Webstores und Dienstleistungen ausgegeben. Diese Menge steigt, aber Informationen \u00fcber zuverl\u00e4ssige ausl\u00e4ndische Webstores sind schwer zu finden. Und deshalb sind wir hier.<\/p>\n<p id=\"tw-target-text\">Osta Ulkomailta! ist die erste Website, die Kunden eine klare Plattform bietet, um ihre Erfahrungen zu teilen, egal ob gut oder schlecht sie sind. Unsere Website ist seit 2010 online und wird fast 300000 Mal pro Jahr besucht.<\/p>\n<p id=\"tw-target-text\">Suchen Sie neue M\u00e4rkte f\u00fcr Ihr Unternehmen? Denken Sie, dass Ihr Webstore zuverl\u00e4ssig, schnell und billig ist? Wenn ja, dann betrachten Sie Finnland als Ihren n\u00e4chsten Markt. Z\u00f6gern Sie nicht, uns bez\u00fcglich Ihres Webstores zu kontaktieren oder Ihre Gedanken in unserem Forum mitzuteilen. Wir sind auch hier, um Ihrem Unternehmen zu helfen.<\/p>\n<\/div>\n","protected":false},"excerpt":{"rendered":"<p>Dies ist eine kleine Erkl\u00e4rung daf\u00fcr, was Osta Ulkomailta! dreht sich alles um. Finnland ist ein teures Land. Laut Eurostat ist Finnland das teuerste Euroland und das zweitgr\u00f6\u00dfte im Vergleich zu den EU-L\u00e4ndern (2011). Der Durchschnittslohn in Finnland liegt kaum \u00fcber 3000 Euro pro Monat, aber hohe Steuern und hohe Preise halten das Realeinkommen niedrig. [&hellip;]<\/p>\n","protected":false},"author":1,"featured_media":0,"parent":942,"menu_order":3,"comment_status":"closed","ping_status":"open","template":"","meta":[],"_links":{"self":[{"href":"http:\/\/www.ostaulkomailta.com\/blog\/wp-json\/wp\/v2\/pages\/5055"}],"collection":[{"href":"http:\/\/www.ostaulkomailta.com\/blog\/wp-json\/wp\/v2\/pages"}],"about":[{"href":"http:\/\/www.ostaulkomailta.com\/blog\/wp-json\/wp\/v2\/types\/page"}],"author":[{"embeddable":true,"href":"http:\/\/www.ostaulkomailta.com\/blog\/wp-json\/wp\/v2\/users\/1"}],"replies":[{"embeddable":true,"href":"http:\/\/www.ostaulkomailta.com\/blog\/wp-json\/wp\/v2\/comments?post=5055"}],"version-history":[{"count":4,"href":"http:\/\/www.ostaulkomailta.com\/blog\/wp-json\/wp\/v2\/pages\/5055\/revisions"}],"predecessor-version":[{"id":5059,"href":"http:\/\/www.ostaulkomailta.com\/blog\/wp-json\/wp\/v2\/pages\/5055\/revisions\/5059"}],"up":[{"embeddable":true,"href":"http:\/\/www.ostaulkomailta.com\/blog\/wp-json\/wp\/v2\/pages\/942"}],"wp:attachment":[{"href":"http:\/\/www.ostaulkomailta.com\/blog\/wp-json\/wp\/v2\/media?parent=5055"}],"curies":[{"name":"wp","href":"https:\/\/api.w.org\/{rel}","templated":true}]}}