{"id":1530,"date":"2012-12-29T18:36:43","date_gmt":"2012-12-29T16:36:43","guid":{"rendered":"http:\/\/www.ostaulkomailta.com\/blog\/?page_id=1530"},"modified":"2016-10-26T21:35:11","modified_gmt":"2016-10-26T18:35:11","slug":"ajankohtaista","status":"publish","type":"page","link":"http:\/\/www.ostaulkomailta.com\/blog\/","title":{"rendered":""},"content":{"rendered":"<div id=\"pl-1530\"><div class=\"panel-grid\" id=\"pg-1530-0\" ><div class=\"panel-grid-cell\" id=\"pgc-1530-0-0\" ><div class=\"so-panel widget widget_sow-editor panel-first-child panel-last-child\" id=\"panel-1530-0-0-0\" data-index=\"0\"><div class=\"so-widget-sow-editor so-widget-sow-editor-base\"><h3 class=\"widget-title\">Tervetuloa sivustolle!<\/h3>\n<div class=\"siteorigin-widget-tinymce textwidget\">\n\t<h6>Verkkokaupasta ostaminen ulkomailta voi olla vaikeaa, riskialtista tai lastenleikki\u00e4. Sivustomme ker\u00e4\u00e4 kokemuksia verkosta ostamisesta, vastaa niit\u00e4 koskeviin kysymyksiin sek\u00e4 k\u00e4sittelee viimeisimpi\u00e4 verkkokauppojen uutisia ja trendej\u00e4. Lue blogiamme, osallistu foorumin keskusteluihin ja kerro kokemuksesi tai esit\u00e4 kysymyksesi verkkokaupoista. <\/p>\n<p>Tervetuloa Osta Ulkomailta! -sivuille. Me teemme verkosta ostamisesta helpompaa!<\/h6>\n<\/div>\n<\/div><\/div><\/div><\/div><div class=\"panel-grid\" id=\"pg-1530-1\" ><div class=\"panel-grid-cell\" id=\"pgc-1530-1-0\" ><div class=\"so-panel widget widget_black-studio-tinymce widget_black_studio_tinymce panel-first-child panel-last-child\" id=\"panel-1530-1-0-0\" data-index=\"1\"><h3 class=\"widget-title\"><a href=\"http:\/\/www.ostaulkomailta.com\/blog\/foorumilla-tapahtuu\/\" title=\"Sivustolla tapahtuu\">Sivustolla tapahtuu<\/a><\/h3><div class=\"textwidget\"><h6><p><img class=\"alignleft wp-image-3827 size-full\" src=\"http:\/\/www.ostaulkomailta.com\/blog\/wp-content\/uploads\/2012\/12\/info1-e1448532563223.jpg\" alt=\"\" width=\"80\" height=\"117\" data-id=\"3827\" \/>Sivuston kehitysty\u00f6 on ollut hyv\u00e4n aikaa j\u00e4iss\u00e4 lukuun ottamatta yll\u00e4pidollisia huoltot\u00f6it\u00e4. Kehityst\u00e4 on kuitenkin tarkoitus jatkaa, mutta muutokset viev\u00e4t aikansa. Mobiilisivuja pyrimme kehitt\u00e4m\u00e4\u00e4n lis\u00e4\u00e4, sill\u00e4 nyt ne palvelevat vain blogin lukijoita. T\u00e4m\u00e4 tosin saattaa vaatia rajujakin muutoksia foorumin ulkoasuun ja alustaan.<\/p>\n<p>Alennuskoodialue on laitettu toistaiseksi j\u00e4\u00e4hylle. Suurin syy t\u00e4h\u00e4n on l\u00e4hestyv\u00e4 Brexit. Emme halua, ett\u00e4 sopimuksettoman eron tapahtuessa lukijamme joutuvat mahdollisesti maksamaan ylim\u00e4\u00e4r\u00e4isi\u00e4 tai odottamattomia kuluja hankinnoistaan. T\u00e4m\u00e4n vuoksi Osta ulkomailta! suositteleekin kaikkia k\u00e4ytt\u00e4m\u00e4\u00e4n suurta harkintaa tehdess\u00e4\u00e4n loppuvuonna ostoksia brittil\u00e4isist\u00e4 verkkokaupoista.<\/p>\n<p>Muistutan edelleen lukijoita siit\u00e4, ett\u00e4 eniten tietoa ja vastauksia kysymyksiinne ulkomaisista verkkokaupoista saatte, kun osallistutte keskusteluihin f<a href=\"http:\/\/www.ostaulkomailta.com\/index.php\">oorumillamme<\/a>.<\/p>\n<\/h6><\/div><\/div><\/div><div class=\"panel-grid-cell\" id=\"pgc-1530-1-1\" ><div class=\"so-panel widget widget_black-studio-tinymce widget_black_studio_tinymce panel-first-child panel-last-child\" id=\"panel-1530-1-1-0\" data-index=\"2\"><h3 class=\"widget-title\"><a href=\"http:\/\/www.ostaulkomailta.com\/blog\/ajankohtaista-verkkokaupassa\/\" title=\"Ajankohtaista verkkokaupassa\">Ajankohtaista verkkokaupassa<\/a><\/h3><div class=\"textwidget\"><h6><div class=\"postbody\" style=\"width: 100%;\">\n<div class=\"content\"><img class=\"alignleft wp-image-1619\" src=\"http:\/\/www.ostaulkomailta.com\/blog\/wp-content\/uploads\/2012\/12\/cart-150x150.jpg\" alt=\"\" width=\"90\" height=\"90\" data-id=\"1619\" \/>Syksy ja loppuvuosi tuo paljon erilaisia tapahtumia verkkokauppoihin. Joulukauppa tuo verkkoon s\u00e4pin\u00e4\u00e4 ja niin kotimaisissa, kuin ulkomaisissa verkkokaupoissa sen polkaisi n\u00e4ytt\u00e4v\u00e4sti k\u00e4yntiin Black Friday ja Cyber Monday.<\/div>\n<p class=\"content\">\n<div class=\"content\">Vallitseva koronapandemia tuo omat kommervenkkins\u00e4 joulukauppaan, mutta verkko-ostoksilla voit luottaa olevasi turvassa massoilta, joten erityisesti nyt kannattaa tutkia ja tarttua joulunajan tarjouksiin.<\/div>\n<p class=\"content\">\n<div class=\"content\">Brexit tuo my\u00f6s oman mausteensa lopppuvuoden soppaan, joten kannattaa pit\u00e4\u00e4 mieless\u00e4 mit\u00e4 mahdollinen sopimukseton ero saattaa aiheuttaa briteist\u00e4 teht\u00e4ville toimituksille vuodenvaihteesta eteenp\u00e4in.<\/div>\n<\/div>\n<\/h6>\n<\/div><\/div><\/div><\/div><div class=\"panel-grid\" id=\"pg-1530-2\" ><div class=\"panel-grid-cell\" id=\"pgc-1530-2-0\" ><style>.rpwe-block ul{\nlist-style: none !important;\nmargin-left: 0 !important;\npadding-left: 0 !important;\n}\n\n.rpwe-block li{\nborder-bottom: 1px solid #eee;\nmargin-bottom: 10px;\npadding-bottom: 10px;\nlist-style-type: none;\n}\n\n.rpwe-block a{\ndisplay: inline !important;\ntext-decoration: none;\n}\n\n.rpwe-block h3{\nbackground: none !important;\nclear: none;\nmargin-bottom: 0 !important;\nmargin-top: 0 !important;\nfont-weight: 400;\nfont-size: 15px !important;\nline-height: 1.5em;\n}\n\n.rpwe-thumb{\nborder: 1px solid #eee !important;\nbox-shadow: none !important;\nmargin: 2px 10px 2px 0;\npadding: 3px !important;\n}\n\n.rpwe-summary{\nfont-size: 12px;\n}\n\n.rpwe-time{\ncolor: #bbb;\nfont-size: 11px;\n}\n\n.rpwe-comment{\ncolor: #bbb;\nfont-size: 11px;\npadding-left: 5px;\n}\n\n.rpwe-alignleft{\ndisplay: inline;\nfloat: left;\n}\n\n.rpwe-alignright{\ndisplay: inline;\nfloat: right;\n}\n\n.rpwe-aligncenter{\ndisplay: block;\nmargin-left: auto;\nmargin-right: auto;\n}\n\n.rpwe-clearfix:before,\n.rpwe-clearfix:after{\ncontent: \"\";\ndisplay: table !important;\n}\n\n.rpwe-clearfix:after{\nclear: both;\n}\n\n.rpwe-clearfix{\nzoom: 1;\n}\n<\/style><div class=\"so-panel widget widget_rpwe_widget rpwe_widget recent-posts-extended panel-first-child\" id=\"panel-1530-2-0-0\" data-index=\"3\"><h3 class=\"widget-title\"><a href=\"http:\/\/www.ostaulkomailta.com\/blog\/blogi\/\" title=\"Otteita blogista\">Otteita blogista<\/a><\/h3><div  class=\"rpwe-block \"><ul class=\"rpwe-ul\"><li class=\"rpwe-li rpwe-clearfix\"><h3 class=\"rpwe-title\"><a href=\"http:\/\/www.ostaulkomailta.com\/blog\/uusi-tilasto-digitaalinen-kauppa-2016\/\" title=\"Uusi tilasto &#8211; Digitaalinen kauppa 2016\" rel=\"bookmark\">Uusi tilasto &#8211; Digitaalinen kauppa 2016<\/a><\/h3><time class=\"rpwe-time published\" datetime=\"2017-04-04T07:14:01+03:00\">4.4.2017<\/time><div class=\"rpwe-summary\">Kaupan liiton ja TNS gallupin (nykyisin Kantar TNS) uusinta verkkokauppatilastoa saatiin odottaa yli vuosi. Uusimman tilaston, jonka nimi on Digitaalinen kauppa 2016, tulos on pitk\u00e4st\u00e4 v\u00e4liajasta huolimatta hyvin samanlainen kuin edelt\u00e4vienkin. L\u00e4hestymme edelleen sit\u00e4 pistett\u00e4, ett\u00e4 puolet suomalaisten verkkokauppaostoista tehd\u00e4\u00e4n ulkomailta. Uusin tilasto on my\u00f6s yll\u00e4tt\u00e4v\u00e4. Vuonna 2014, josta viimeisin tilasto julkaistiin, suomalaisten verkko-ostojen arvo [&hellip;]<a href=\"http:\/\/www.ostaulkomailta.com\/blog\/uusi-tilasto-digitaalinen-kauppa-2016\/\" class=\"more-link\">  Lue loput \u00bb<\/a><\/div><\/li><li class=\"rpwe-li rpwe-clearfix\"><h3 class=\"rpwe-title\"><a href=\"http:\/\/www.ostaulkomailta.com\/blog\/2017-ja-uusvanhat-kujeet\/\" title=\"2017 ja uusvanhat kujeet\" rel=\"bookmark\">2017 ja uusvanhat kujeet<\/a><\/h3><time class=\"rpwe-time published\" datetime=\"2017-01-06T14:17:49+02:00\">6.1.2017<\/time><div class=\"rpwe-summary\">Vuosi on taas vaihtunut ja Osta ulkomailta! porskuttaa uuteen vuoteen 2017 sek\u00e4 uuteen ett\u00e4 vanhaan tyyliin. Valitettavasti 2016 oli allekirjoittaneelle t\u00e4ynn\u00e4 pieni\u00e4 mullistuksia, mik\u00e4 n\u00e4kyi teille lukijoille valitettavan harvoina bloggauksina. Kaikesta huolimatta pieni\u00e4, jo pitk\u00e4\u00e4n suunnitteilla olleita muutoksia ulkoasussa ja rakenteessa saatiin kuitenkin viety\u00e4 onnistuneesti p\u00e4\u00e4t\u00f6kseen. Sivuston ydin, eli keskustelufoorumi n\u00e4ytt\u00e4\u00e4 vakiinnuttaneen lopullisesti paikkansa ulkomaisten [&hellip;]<a href=\"http:\/\/www.ostaulkomailta.com\/blog\/2017-ja-uusvanhat-kujeet\/\" class=\"more-link\">  Lue loput \u00bb<\/a><\/div><\/li><li class=\"rpwe-li rpwe-clearfix\"><h3 class=\"rpwe-title\"><a href=\"http:\/\/www.ostaulkomailta.com\/blog\/alkoholin-tilaaminen-ulkomailta-loppumassa\/\" title=\"Alkoholin tilaaminen ulkomailta loppumassa?\" rel=\"bookmark\">Alkoholin tilaaminen ulkomailta loppumassa?<\/a><\/h3><time class=\"rpwe-time published\" datetime=\"2016-11-22T23:12:01+02:00\">22.11.2016<\/time><div class=\"rpwe-summary\">Uutta alkoholilakia on valmisteltu enimm\u00e4kseen kaikessa hiljaisuudessa, mutta hartaasti. Nyt esitys vuonna 2017 voimaan astuvasta alkoholilaista on l\u00e4htem\u00e4ss\u00e4 lausuntokierrokselle ja esiin on tullut todella huolestuttavia tietoja. Uudesta laista esiin tullut tieto selitt\u00e4\u00e4 sit\u00e4 miksi esimerkiksi Tulli ja erityisesti sen \u00e4\u00e4nitorvi tarkastaja Raitolahti ovat olleet alkuvuoden tiedotteiden julkaisun j\u00e4lkeen hipi hiljaa asiasta. Helsingin Hovioikeuskaan ei ole [&hellip;]<a href=\"http:\/\/www.ostaulkomailta.com\/blog\/alkoholin-tilaaminen-ulkomailta-loppumassa\/\" class=\"more-link\">  Lue loput \u00bb<\/a><\/div><\/li><\/ul><\/div><!-- Generated by http:\/\/wordpress.org\/plugins\/recent-posts-widget-extended\/ --><\/div><div class=\"so-panel widget widget_xyz_insert_html_widget panel-last-child\" id=\"panel-1530-2-0-1\" data-index=\"4\"><!-- Piwik -->\r\n<script type=\"text\/javascript\">\r\n  var _paq = _paq || [];\r\n  _paq.push([\"trackPageView\"]);\r\n  _paq.push([\"enableLinkTracking\"]);\r\n\r\n  (function() {\r\n    var u=((\"https:\" == document.location.protocol) ? \"https\" : \"http\") + \":\/\/www.ostaulkomailta.com\/piwik\/\";\r\n    _paq.push([\"setTrackerUrl\", u+\"piwik.php\"]);\r\n    _paq.push([\"setSiteId\", \"1\"]);\r\n    var d=document, g=d.createElement(\"script\"), s=d.getElementsByTagName(\"script\")[0]; g.type=\"text\/javascript\";\r\n    g.defer=true; g.async=true; g.src=u+\"piwik.js\"; s.parentNode.insertBefore(g,s);\r\n  })();\r\n<\/script>\r\n<!-- End Piwik Code --><\/div><\/div><\/div><\/div>","protected":false},"excerpt":{"rendered":"<p>Tervetuloa sivustolle! Verkkokaupasta ostaminen ulkomailta voi olla vaikeaa, riskialtista tai lastenleikki\u00c3\u00a4. Sivustomme ker\u00c3\u00a4\u00c3\u00a4 kokemuksia verkosta ostamisesta, vastaa niit\u00c3\u00a4 koskeviin kysymyksiin sek\u00c3\u00a4 k\u00c3\u00a4sittelee viimeisimpi\u00c3\u00a4 verkkokauppojen uutisia ja trendej\u00c3\u00a4. Lue blogiamme, osallistu foorumin keskusteluihin ja kerro kokemuksesi tai esit\u00c3\u00a4 kysymyksesi verkkokaupoista. &nbsp; Tervetuloa Osta Ulkomailta! -sivuille. Me teemme verkosta ostamisesta helpompaa! Sivustolla tapahtuu Ajankohtaista verkkokaupassa Otteita blogista [&hellip;]<\/p>\n","protected":false},"author":1,"featured_media":0,"parent":0,"menu_order":0,"comment_status":"closed","ping_status":"closed","template":"page-scs.php","meta":[],"_links":{"self":[{"href":"http:\/\/www.ostaulkomailta.com\/blog\/wp-json\/wp\/v2\/pages\/1530"}],"collection":[{"href":"http:\/\/www.ostaulkomailta.com\/blog\/wp-json\/wp\/v2\/pages"}],"about":[{"href":"http:\/\/www.ostaulkomailta.com\/blog\/wp-json\/wp\/v2\/types\/page"}],"author":[{"embeddable":true,"href":"http:\/\/www.ostaulkomailta.com\/blog\/wp-json\/wp\/v2\/users\/1"}],"replies":[{"embeddable":true,"href":"http:\/\/www.ostaulkomailta.com\/blog\/wp-json\/wp\/v2\/comments?post=1530"}],"version-history":[{"count":96,"href":"http:\/\/www.ostaulkomailta.com\/blog\/wp-json\/wp\/v2\/pages\/1530\/revisions"}],"predecessor-version":[{"id":4170,"href":"http:\/\/www.ostaulkomailta.com\/blog\/wp-json\/wp\/v2\/pages\/1530\/revisions\/4170"}],"wp:attachment":[{"href":"http:\/\/www.ostaulkomailta.com\/blog\/wp-json\/wp\/v2\/media?parent=1530"}],"curies":[{"name":"wp","href":"https:\/\/api.w.org\/{rel}","templated":true}]}}