{"id":1319,"date":"2012-11-29T16:29:58","date_gmt":"2012-11-29T14:29:58","guid":{"rendered":"http:\/\/www.ostaulkomailta.com\/blog\/?page_id=1319"},"modified":"2020-12-02T00:44:36","modified_gmt":"2020-12-01T22:44:36","slug":"alennuskoodit","status":"publish","type":"page","link":"http:\/\/www.ostaulkomailta.com\/blog\/alennuskoodit\/","title":{"rendered":"Alennuskoodit"},"content":{"rendered":"<p>Sivustolla julkaistavat alennuskoodit on siirretty foorumilta blogiin. Alennuskoodit ja tarjoukset saat n\u00e4kyviin p\u00e4\u00e4valikon Alennuskoodit-valikosta.<\/p>\n<p>Muista lukea my\u00f6s pieni ohjeistuksemme alekoodien k\u00e4yt\u00f6st\u00e4: <a href=\"http:\/\/www.ostaulkomailta.com\/blog\/alennuskoodit\/alennuskoodeista-ja-tarjouksista-yleisesti\/\">http:\/\/www.ostaulkomailta.com\/blog\/alennuskoodit\/alennuskoodeista-ja-tarjouksista-yleisesti\/<\/a><\/p>\n<p>T\u00e4ll\u00e4 hetkell\u00e4 jukaisemme seuraavien verkkokauppojen alennuskoodeja ja tarjouksia:<\/p>\n<p>Aurinkolasit, korut ja kellot:<\/p>\n<ul>\n<li><a href=\"http:\/\/www.ostaulkomailta.com\/blog\/alennuskoodit\/aurinkolasit-ja-kellot\/watch-shop-uk\/\">Watchshop UK<\/a><\/li>\n<\/ul>\n<p>Golf:<\/p>\n<ul>\n<li><a href=\"http:\/\/www.ostaulkomailta.com\/blog\/alennuskoodit\/golf\/clickgolf\/\">Clickgolf<\/a><\/li>\n<li><a href=\"http:\/\/www.ostaulkomailta.com\/blog\/alennuskoodit\/golf\/golf-gear-direct\/\">Golf Gear Direct<\/a><\/li>\n<li><a href=\"http:\/\/www.ostaulkomailta.com\/blog\/alennuskoodit\/golf\/trendy-golf\/\">Trendy Golf<\/a><\/li>\n<\/ul>\n<p>Kosmetiikka:<\/p>\n<ul>\n<li><a href=\"http:\/\/www.ostaulkomailta.com\/blog\/alennuskoodit\/kosmetiikka\/feelunique\/\">Feelunique<\/a><\/li>\n<li><a href=\"http:\/\/www.ostaulkomailta.com\/blog\/alennuskoodit\/kosmetiikka\/lookfantastic\/\">Lookfantastic<\/a><\/li>\n<li><a href=\"http:\/\/www.ostaulkomailta.com\/blog\/alennuskoodit\/kosmetiikka\/fragrance-direct-2\/\">Fragrance Direct<\/a><\/li>\n<\/ul>\n<p>Koti ja sisustus:<\/p>\n<ul>\n<li><a href=\"http:\/\/www.ostaulkomailta.com\/blog\/alennuskoodit\/koti-ja-sisustus\/led-hut\/\">Led Hut<\/a><\/li>\n<\/ul>\n<p>Musiikki ja elektroniikka:<\/p>\n<ul>\n<li><a href=\"http:\/\/www.ostaulkomailta.com\/blog\/alennuskoodit\/musiikki-ja-elektroniikka\/juno-co-uk\/\">Juno.co.uk<\/a><\/li>\n<li><a href=\"http:\/\/www.ostaulkomailta.com\/blog\/alennuskoodit\/musiikki-ja-elektroniikka\/the-hut\/\">The H<\/a>ut<\/li>\n<li><a href=\"http:\/\/www.ostaulkomailta.com\/blog\/alennuskoodit\/musiikki-ja-elektroniikka\/mymemory-co-uk\/\">My Memory<\/a><\/li>\n<li><a href=\"http:\/\/www.ostaulkomailta.com\/blog\/alennuskoodit\/musiikki-ja-elektroniikka\/zavvi\/\">Zavvi<\/a><\/li>\n<\/ul>\n<p>Pelit ja lelut:<\/p>\n<ul>\n<li><a href=\"http:\/\/www.ostaulkomailta.com\/blog\/alennuskoodit\/pelit-ja-lelut\/365-games\/\">365games<\/a><\/li>\n<li><a href=\"http:\/\/www.ostaulkomailta.com\/blog\/alennuskoodit\/pelit-ja-lelut\/toyshop-com-the-entertainer\/\">The Toy Shop \/ Entertainer<\/a><\/li>\n<\/ul>\n<p>Py\u00f6r\u00e4ily:<\/p>\n<ul>\n<li><a href=\"http:\/\/www.ostaulkomailta.com\/blog\/alennuskoodit\/pyoraily\/chain-reaction-cycles\/\">Chain Reaction Cycles<\/a><\/li>\n<li><a href=\"http:\/\/www.ostaulkomailta.com\/blog\/alennuskoodit\/pyoraily\/evans-cycles\/\">Evans Cycles<\/a><\/li>\n<li><a href=\"http:\/\/www.ostaulkomailta.com\/blog\/alennuskoodit\/pyoraily\/wiggle-co-uk\/\">Wiggle<\/a><\/li>\n<\/ul>\n<p>Vaatteet ja urheilu:<\/p>\n<ul>\n<li><a href=\"http:\/\/www.ostaulkomailta.com\/blog\/alennuskoodit\/vaatteet\/footasylum\/\">Footasylum<\/a><\/li>\n<li><a href=\"http:\/\/www.ostaulkomailta.com\/blog\/alennuskoodit\/vaatteet\/m-and-m-direct\/\">MandM Direct<\/a><\/li>\n<li><a href=\"http:\/\/www.ostaulkomailta.com\/blog\/alennuskoodit\/vaatteet\/nike-store\/\">Nike Store<\/a><\/li>\n<li><a href=\"http:\/\/www.ostaulkomailta.com\/blog\/alennuskoodit\/vaatteet\/sports-direct\/\">Sports Direct<\/a><\/li>\n<li><a href=\"http:\/\/www.ostaulkomailta.com\/blog\/alennuskoodit\/vaatteet\/suit-direct\/\">Suit Direct<\/a><\/li>\n<li><a href=\"http:\/\/www.ostaulkomailta.com\/blog\/alennuskoodit\/vaatteet\/superdry\/\">Superdry<\/a><\/li>\n<li><a href=\"http:\/\/www.ostaulkomailta.com\/blog\/alennuskoodit\/vaatteet\/ultimate-outdoors\/\">Ultimate Outdoors<\/a><\/li>\n<li><a href=\"http:\/\/www.ostaulkomailta.com\/blog\/alennuskoodit\/vaatteet\/woolovers\/\">Woolovers<\/a><\/li>\n<li><a href=\"http:\/\/www.ostaulkomailta.com\/blog\/alennuskoodit\/vaatteet\/yoox\/\">Yoox<\/a><\/li>\n<\/ul>\n<p>&nbsp;<\/p>\n","protected":false},"excerpt":{"rendered":"<p>Sivustolla julkaistavat alennuskoodit on siirretty foorumilta blogiin. Alennuskoodit ja tarjoukset saat n\u00e4kyviin p\u00e4\u00e4valikon Alennuskoodit-valikosta. Muista lukea my\u00f6s pieni ohjeistuksemme alekoodien k\u00e4yt\u00f6st\u00e4: http:\/\/www.ostaulkomailta.com\/blog\/alennuskoodit\/alennuskoodeista-ja-tarjouksista-yleisesti\/ T\u00e4ll\u00e4 hetkell\u00e4 jukaisemme seuraavien verkkokauppojen alennuskoodeja ja tarjouksia: Aurinkolasit, korut ja kellot: Watchshop UK Golf: Clickgolf Golf Gear Direct Trendy Golf Kosmetiikka: Feelunique Lookfantastic Fragrance Direct Koti ja sisustus: Led Hut Musiikki ja [&hellip;]<\/p>\n","protected":false},"author":1,"featured_media":0,"parent":0,"menu_order":3,"comment_status":"closed","ping_status":"closed","template":"page-cs.php","meta":[],"_links":{"self":[{"href":"http:\/\/www.ostaulkomailta.com\/blog\/wp-json\/wp\/v2\/pages\/1319"}],"collection":[{"href":"http:\/\/www.ostaulkomailta.com\/blog\/wp-json\/wp\/v2\/pages"}],"about":[{"href":"http:\/\/www.ostaulkomailta.com\/blog\/wp-json\/wp\/v2\/types\/page"}],"author":[{"embeddable":true,"href":"http:\/\/www.ostaulkomailta.com\/blog\/wp-json\/wp\/v2\/users\/1"}],"replies":[{"embeddable":true,"href":"http:\/\/www.ostaulkomailta.com\/blog\/wp-json\/wp\/v2\/comments?post=1319"}],"version-history":[{"count":21,"href":"http:\/\/www.ostaulkomailta.com\/blog\/wp-json\/wp\/v2\/pages\/1319\/revisions"}],"predecessor-version":[{"id":4976,"href":"http:\/\/www.ostaulkomailta.com\/blog\/wp-json\/wp\/v2\/pages\/1319\/revisions\/4976"}],"wp:attachment":[{"href":"http:\/\/www.ostaulkomailta.com\/blog\/wp-json\/wp\/v2\/media?parent=1319"}],"curies":[{"name":"wp","href":"https:\/\/api.w.org\/{rel}","templated":true}]}}