{"id":1309,"date":"2012-11-29T16:18:10","date_gmt":"2012-11-29T14:18:10","guid":{"rendered":"http:\/\/www.ostaulkomailta.com\/blog\/?page_id=1309"},"modified":"2020-12-05T00:23:01","modified_gmt":"2020-12-04T22:23:01","slug":"tietoa-meista","status":"publish","type":"page","link":"http:\/\/www.ostaulkomailta.com\/blog\/tietoa-meista\/tietoa-meista\/","title":{"rendered":"Tietoa meist\u00e4"},"content":{"rendered":"<p>Osta ulkomailta! keskustelufoorumi ja blogi on p\u00e4\u00e4asiassa ulkomaisten verkkokauppojen k\u00e4ytt\u00e4jille perustettu sivusto. Tieto luotettavista ulkomaisista verkkokaupoista on pienin\u00e4 palasina pitkin netti\u00e4 ja t\u00e4m\u00e4n sivuston ajatuksena on ker\u00e4t\u00e4 asiakkaiden kokemuksista mahdollisimman kattava tietopaketti verkkokaupoista ja tehd\u00e4 ulkomailta ostaminen mahdollisimman helpoksi. Sivusto on perustettu joulukuussa 2009 ja kuukausittainen k\u00e4vij\u00e4m\u00e4\u00e4r\u00e4mme on&nbsp; n. 25000 (01\/2015).<\/p>\n<p>Verkkokauppoihin, niist\u00e4 ostamiseen sek\u00e4 kaikkiin oheisasioihin liittyv\u00e4 informaatio ja keskustelu l\u00f6ytyy p\u00e4\u00e4s\u00e4\u00e4nt\u00f6isesti keskustelufoorumilta, mutta blogiakin kannattaa lukea, sill\u00e4 t\u00e4\u00e4ll\u00e4 verkko-ostamista, verkkokauppoja&nbsp; ja erityisesti verkkokaupan ilmi\u00f6it\u00e4 tuodaan esiin erilaisella n\u00e4k\u00f6kulmalla. Joskus syv\u00e4llisemmin ja joskus hieman kieli poskellakin.<\/p>\n<p>Yhteyden sivuston yll\u00e4pit\u00e4jiin saa parhaiten joko s\u00e4hk\u00f6postilla lmnll [\u00e4t] ostaulkomailta.com, tai yhteydenottolomakkeen kautta. Foorumille rekister\u00f6ityneet k\u00e4ytt\u00e4j\u00e4t voivat my\u00f6s l\u00e4hett\u00e4\u00e4 foorumin kautta yksityisviestin nimimerkille lmnll.<\/p>\n<p>Verkkokauppa kasvaa koko ajan ja me aiomme kasvaa siin\u00e4 mukana. Tervetuloa mukaan rakentamaan Osta ulkomailta! sivustoa.<\/p>\n","protected":false},"excerpt":{"rendered":"<p>Osta ulkomailta! keskustelufoorumi ja blogi on p\u00e4\u00e4asiassa ulkomaisten verkkokauppojen k\u00e4ytt\u00e4jille perustettu sivusto. Tieto luotettavista ulkomaisista verkkokaupoista on pienin\u00e4 palasina pitkin netti\u00e4 ja t\u00e4m\u00e4n sivuston ajatuksena on ker\u00e4t\u00e4 asiakkaiden kokemuksista mahdollisimman kattava tietopaketti verkkokaupoista ja tehd\u00e4 ulkomailta ostaminen mahdollisimman helpoksi. Sivusto on perustettu joulukuussa 2009 ja kuukausittainen k\u00e4vij\u00e4m\u00e4\u00e4r\u00e4mme on&nbsp; n. 25000 (01\/2015). Verkkokauppoihin, niist\u00e4 ostamiseen sek\u00e4 [&hellip;]<\/p>\n","protected":false},"author":1,"featured_media":0,"parent":942,"menu_order":0,"comment_status":"closed","ping_status":"closed","template":"","meta":[],"_links":{"self":[{"href":"http:\/\/www.ostaulkomailta.com\/blog\/wp-json\/wp\/v2\/pages\/1309"}],"collection":[{"href":"http:\/\/www.ostaulkomailta.com\/blog\/wp-json\/wp\/v2\/pages"}],"about":[{"href":"http:\/\/www.ostaulkomailta.com\/blog\/wp-json\/wp\/v2\/types\/page"}],"author":[{"embeddable":true,"href":"http:\/\/www.ostaulkomailta.com\/blog\/wp-json\/wp\/v2\/users\/1"}],"replies":[{"embeddable":true,"href":"http:\/\/www.ostaulkomailta.com\/blog\/wp-json\/wp\/v2\/comments?post=1309"}],"version-history":[{"count":8,"href":"http:\/\/www.ostaulkomailta.com\/blog\/wp-json\/wp\/v2\/pages\/1309\/revisions"}],"predecessor-version":[{"id":5040,"href":"http:\/\/www.ostaulkomailta.com\/blog\/wp-json\/wp\/v2\/pages\/1309\/revisions\/5040"}],"up":[{"embeddable":true,"href":"http:\/\/www.ostaulkomailta.com\/blog\/wp-json\/wp\/v2\/pages\/942"}],"wp:attachment":[{"href":"http:\/\/www.ostaulkomailta.com\/blog\/wp-json\/wp\/v2\/media?parent=1309"}],"curies":[{"name":"wp","href":"https:\/\/api.w.org\/{rel}","templated":true}]}}