{"id":1082,"date":"2012-09-03T18:04:24","date_gmt":"2012-09-03T15:04:24","guid":{"rendered":"http:\/\/www.ostaulkomailta.com\/blog\/?page_id=1082"},"modified":"2020-12-05T00:26:36","modified_gmt":"2020-12-04T22:26:36","slug":"tietosuoja","status":"publish","type":"page","link":"http:\/\/www.ostaulkomailta.com\/blog\/tietoa-meista\/tietosuoja\/","title":{"rendered":"Tietosuoja"},"content":{"rendered":"<div>\n<h4>Tietosuojalausunto<\/h4>\n<p>K\u00e4yt\u00e4mme kolmannen osapuolen yrityksi\u00e4 mainostamiseen sivullamme. N\u00e4m\u00e4 yritykset saattavat k\u00e4ytt\u00e4\u00e4 k\u00e4ynneist\u00e4si saatuja tietoja (ei kuitenkaan nime\u00e4, osoitetta, s\u00e4hk\u00f6postiosoitetta tai puhelinnumeroa) voidakseen n\u00e4ytt\u00e4\u00e4 kiinnostavien tuotteiden ja palveluiden mainoksia. Mahdollisesti k\u00e4ytett\u00e4v\u00e4t tiedot tallennetaan ev\u00e4steisiin, jotka mahdollistavat mainosten n\u00e4ytt\u00e4misen t\u00e4ss\u00e4 ja muissa verkkosivuistoissa. Jos haluat lis\u00e4tietoja t\u00e4st\u00e4 k\u00e4yt\u00e4nn\u00f6st\u00e4 ja tietoja vaihtoehdoista, jos haluat kielt\u00e4\u00e4 n\u00e4ilt\u00e4 yrityksilt\u00e4 tietojesi k\u00e4yt\u00f6n, <a href=\"http:\/\/www.google.com\/privacy_ads.html\">napsauta t\u00e4t\u00e4<\/a>.<\/p>\n<h4>Yksityisyydensuoja<\/h4>\n<p>Palvelujen k\u00e4ytt\u00f6 ja IP-osoite kirjautuu lokiin. Lokin tarkoitus on ker\u00e4t\u00e4 tietoa palvelujen k\u00e4ytt\u00f6m\u00e4\u00e4rist\u00e4, k\u00e4ytt\u00f6tavoista, k\u00e4vij\u00e4m\u00e4\u00e4rist\u00e4, virhetilanteista sek\u00e4 siit\u00e4, mit\u00e4 osia palveluista on k\u00e4ytetty tai ei ole k\u00e4ytetty. Tietoja k\u00e4ytet\u00e4\u00e4n palvelun kehitt\u00e4miseen ja parantamiseen.<\/p>\n<p>Lokiin ei ker\u00e4t\u00e4 k\u00e4ytt\u00e4j\u00e4n henkil\u00f6tietoja ellei k\u00e4ytt\u00e4j\u00e4 itse anna niit\u00e4. Palveluissa voidaan k\u00e4ytt\u00e4\u00e4 eri tekniikoita kuten Google Analytics, jotka tuovat esille tietty\u00e4 teknist\u00e4 tietoa kuten tietokoneen k\u00e4ytt\u00f6j\u00e4rjestelm\u00e4n, verkkosijainnin, selaimen tyypin ja pyynn\u00f6n l\u00e4hett\u00e4neen sivun osoitteen. N\u00e4ill\u00e4 tiedoilla ei ole kuitenkaan tarkoitus tunnistaa yksitt\u00e4isi\u00e4 k\u00e4ytt\u00e4ji\u00e4.<\/p>\n<h4>Ev\u00e4steet<\/h4>\n<p>Palveluissa saatetaan k\u00e4ytt\u00e4\u00e4 ev\u00e4steit\u00e4. Ev\u00e4steet ovat k\u00e4ytt\u00e4j\u00e4n selaimen muistiin tallentuvia tekstitiedostoja. Ev\u00e4steiden avulla yll\u00e4pidet\u00e4\u00e4n istunnon tilaa ja k\u00e4ytt\u00e4j\u00e4n omia asetuksia palvelussa. Ev\u00e4steill\u00e4 my\u00f6s kehitet\u00e4\u00e4n palvelua k\u00e4ytt\u00e4m\u00e4ll\u00e4 erilaisia kolmannen osapuolen tarjoamia seurantaohjelmia (mm. Piwik ja google analytics).&nbsp; Jos et halua vastaanottaa ev\u00e4steit\u00e4, voit m\u00e4\u00e4ritt\u00e4\u00e4 selaimen asetukset t\u00e4t\u00e4 vastaavasti. Huomaa, ett\u00e4 t\u00e4ll\u00f6in et ehk\u00e4 voi tarkastella tai k\u00e4ytt\u00e4\u00e4 sivuston kaikkia osia.<\/p>\n<p>&nbsp;<\/p>\n<\/div>\n","protected":false},"excerpt":{"rendered":"<p>Tietosuojalausunto K\u00e4yt\u00e4mme kolmannen osapuolen yrityksi\u00e4 mainostamiseen sivullamme. N\u00e4m\u00e4 yritykset saattavat k\u00e4ytt\u00e4\u00e4 k\u00e4ynneist\u00e4si saatuja tietoja (ei kuitenkaan nime\u00e4, osoitetta, s\u00e4hk\u00f6postiosoitetta tai puhelinnumeroa) voidakseen n\u00e4ytt\u00e4\u00e4 kiinnostavien tuotteiden ja palveluiden mainoksia. Mahdollisesti k\u00e4ytett\u00e4v\u00e4t tiedot tallennetaan ev\u00e4steisiin, jotka mahdollistavat mainosten n\u00e4ytt\u00e4misen t\u00e4ss\u00e4 ja muissa verkkosivuistoissa. Jos haluat lis\u00e4tietoja t\u00e4st\u00e4 k\u00e4yt\u00e4nn\u00f6st\u00e4 ja tietoja vaihtoehdoista, jos haluat kielt\u00e4\u00e4 n\u00e4ilt\u00e4 yrityksilt\u00e4 tietojesi [&hellip;]<\/p>\n","protected":false},"author":1,"featured_media":0,"parent":942,"menu_order":2,"comment_status":"closed","ping_status":"closed","template":"","meta":[],"_links":{"self":[{"href":"http:\/\/www.ostaulkomailta.com\/blog\/wp-json\/wp\/v2\/pages\/1082"}],"collection":[{"href":"http:\/\/www.ostaulkomailta.com\/blog\/wp-json\/wp\/v2\/pages"}],"about":[{"href":"http:\/\/www.ostaulkomailta.com\/blog\/wp-json\/wp\/v2\/types\/page"}],"author":[{"embeddable":true,"href":"http:\/\/www.ostaulkomailta.com\/blog\/wp-json\/wp\/v2\/users\/1"}],"replies":[{"embeddable":true,"href":"http:\/\/www.ostaulkomailta.com\/blog\/wp-json\/wp\/v2\/comments?post=1082"}],"version-history":[{"count":13,"href":"http:\/\/www.ostaulkomailta.com\/blog\/wp-json\/wp\/v2\/pages\/1082\/revisions"}],"predecessor-version":[{"id":5042,"href":"http:\/\/www.ostaulkomailta.com\/blog\/wp-json\/wp\/v2\/pages\/1082\/revisions\/5042"}],"up":[{"embeddable":true,"href":"http:\/\/www.ostaulkomailta.com\/blog\/wp-json\/wp\/v2\/pages\/942"}],"wp:attachment":[{"href":"http:\/\/www.ostaulkomailta.com\/blog\/wp-json\/wp\/v2\/media?parent=1082"}],"curies":[{"name":"wp","href":"https:\/\/api.w.org\/{rel}","templated":true}]}}